{"id":360,"date":"2019-04-11T14:57:25","date_gmt":"2019-04-11T12:57:25","guid":{"rendered":"https:\/\/recobrimentstrilla.com\/?page_id=360"},"modified":"2019-04-12T15:17:33","modified_gmt":"2019-04-12T13:17:33","slug":"serveis","status":"publish","type":"page","link":"https:\/\/recobrimentstrilla.com\/index.php\/serveis\/","title":{"rendered":"SERVEIS"},"content":{"rendered":"\n<div class=\"wp-block-columns has-2-columns\">\n<div class=\"wp-block-column\">\n<h4>Pintura L\u00edquida<\/h4>\n\n\n\n<p><\/p>\n\n\n\n<ul class=\"wp-block-gallery columns-1 is-cropped\"><li class=\"blocks-gallery-item\"><figure><img loading=\"lazy\" width=\"440\" height=\"130\" src=\"https:\/\/recobrimentstrilla.com\/wp-content\/uploads\/2019\/04\/serveis_1_color-2.jpg\" alt=\"\" data-id=\"365\" data-link=\"https:\/\/recobrimentstrilla.com\/?attachment_id=365\" class=\"wp-image-365\" srcset=\"https:\/\/recobrimentstrilla.com\/wp-content\/uploads\/2019\/04\/serveis_1_color-2.jpg 440w, https:\/\/recobrimentstrilla.com\/wp-content\/uploads\/2019\/04\/serveis_1_color-2-300x89.jpg 300w\" sizes=\"(max-width: 440px) 100vw, 440px\" \/><\/figure><\/li><\/ul>\n\n\n\n<p>Disposem de la maquin\u00e0ria i els coneixements necessaris per obtenir un acabat perfecte. El nostre comprom\u00eds \u00e9s oferir sempre la m\u00e0xima qualitat, per garantir que el client quedi satisfet amb els nostres serveis.<\/p>\n\n\n\n<p>Tenim un reguitzell de mostraris perqu\u00e8 el client pugui decidir quin \u00e9s el millor acabat pel seu material, ja sigui amb pintura sint\u00e8tica, poliuret\u00e0 i acr\u00edlics.<\/p>\n\n\n\n<p>Treballem amb tot tipus de superf\u00edcies i materials (ferro, acer, alumini, coure, llaut\u00f3, pl\u00e0stics, fustes, &#8230;). Apliquem base d\u2019imprimaci\u00f3 per evitar l\u2019oxidaci\u00f3 i el futur deteriorament del material. Disposem de forn d\u2019assecat de la pintura i de gran espai per l\u2019assecat al aire.<\/p>\n\n\n\n<p>Estem adaptats als temps que corren, i oferim el lacat a preus econ\u00f2mics i en el menor temps possible.<\/p>\n<\/div>\n\n\n\n<div class=\"wp-block-column\">\n<h4>Pintura en Pols<\/h4>\n\n\n\n<p><\/p>\n\n\n\n<figure class=\"wp-block-image\"><img loading=\"lazy\" width=\"440\" height=\"130\" src=\"https:\/\/recobrimentstrilla.com\/wp-content\/uploads\/2019\/04\/serveis_2_color.jpg\" alt=\"\" class=\"wp-image-364\" srcset=\"https:\/\/recobrimentstrilla.com\/wp-content\/uploads\/2019\/04\/serveis_2_color.jpg 440w, https:\/\/recobrimentstrilla.com\/wp-content\/uploads\/2019\/04\/serveis_2_color-300x89.jpg 300w\" sizes=\"(max-width: 440px) 100vw, 440px\" \/><\/figure>\n\n\n\n<p>Oferim un gran servei de pintura en pols, amb acabats perfectes tant en peces petites com en peces de grans mides.<\/p>\n\n\n\n<p>Proporcionem una alta flexibilitat per adaptar-nos a de la forma m\u00e9s competent en feines de petites i grans quantitats. Els resultats s\u00f3n verificats un a un per comprovar el resultat \u00f2ptim de les peces.<\/p>\n<\/div>\n<\/div>\n\n\n\n<div class=\"wp-block-columns has-2-columns\">\n<div class=\"wp-block-column\">\n<h4>Envernissats<\/h4>\n\n\n\n<p><\/p>\n\n\n\n<ul class=\"wp-block-gallery columns-1 is-cropped\"><li class=\"blocks-gallery-item\"><figure><img loading=\"lazy\" width=\"440\" height=\"130\" src=\"https:\/\/recobrimentstrilla.com\/wp-content\/uploads\/2019\/04\/serveis_3_color-2.jpg\" alt=\"\" data-id=\"368\" data-link=\"https:\/\/recobrimentstrilla.com\/?attachment_id=368\" class=\"wp-image-368\" srcset=\"https:\/\/recobrimentstrilla.com\/wp-content\/uploads\/2019\/04\/serveis_3_color-2.jpg 440w, https:\/\/recobrimentstrilla.com\/wp-content\/uploads\/2019\/04\/serveis_3_color-2-300x89.jpg 300w\" sizes=\"(max-width: 440px) 100vw, 440px\" \/><\/figure><\/li><\/ul>\n\n\n\n<p>Estem especialitzats en envernissats de peces molt delicades, com el llaut\u00f3, el coure o peces banyades.<\/p>\n\n\n\n<p>A Recobriments Trilla estem orgullosos de poder oferir les millors pintures industrials que hi ha al mercat i oferim una gran varietat d\u2019acabats i la utilitzaci\u00f3 dels productes que millor s\u2019adapten a les peticions dels clients.<\/p>\n<\/div>\n\n\n\n<div class=\"wp-block-column\">\n<h4>Acabats<\/h4>\n\n\n\n<p><\/p>\n\n\n\n<ul class=\"wp-block-gallery columns-1 is-cropped\"><li class=\"blocks-gallery-item\"><figure><img loading=\"lazy\" width=\"440\" height=\"130\" src=\"https:\/\/recobrimentstrilla.com\/wp-content\/uploads\/2019\/04\/serveis_4_color.jpg\" alt=\"\" data-id=\"369\" data-link=\"https:\/\/recobrimentstrilla.com\/?attachment_id=369\" class=\"wp-image-369\" srcset=\"https:\/\/recobrimentstrilla.com\/wp-content\/uploads\/2019\/04\/serveis_4_color.jpg 440w, https:\/\/recobrimentstrilla.com\/wp-content\/uploads\/2019\/04\/serveis_4_color-300x89.jpg 300w\" sizes=\"(max-width: 440px) 100vw, 440px\" \/><\/figure><\/li><\/ul>\n\n\n\n<p>Pintats en l\u00edquid sobre colors de carta RAL, Pantones, NCS, oxirons i marteles, i tamb\u00e9 sobre mostres de color.<\/p>\n\n\n\n<p>Pintats en pols sobre colors de carta RAL i colors especials depenent de prove\u00efdors.<\/p>\n\n\n\n<p>Fem acabats texturats, brillants, satinats, mates, gofrats, metal\u00b7litzats, anti-cal\u00f2rics i envernissats.<\/p>\n<\/div>\n<\/div>\n","protected":false},"excerpt":{"rendered":"<p>Pintura L\u00edquida Disposem de la maquin\u00e0ria i els coneixements necessaris per obtenir un acabat perfecte. El nostre comprom\u00eds \u00e9s oferir sempre la m\u00e0xima qualitat, per garantir que el client quedi satisfet amb els nostres serveis. Tenim un reguitzell de mostraris<\/p>\n","protected":false},"author":1,"featured_media":0,"parent":0,"menu_order":8,"comment_status":"closed","ping_status":"closed","template":"","meta":[],"_links":{"self":[{"href":"https:\/\/recobrimentstrilla.com\/index.php\/wp-json\/wp\/v2\/pages\/360"}],"collection":[{"href":"https:\/\/recobrimentstrilla.com\/index.php\/wp-json\/wp\/v2\/pages"}],"about":[{"href":"https:\/\/recobrimentstrilla.com\/index.php\/wp-json\/wp\/v2\/types\/page"}],"author":[{"embeddable":true,"href":"https:\/\/recobrimentstrilla.com\/index.php\/wp-json\/wp\/v2\/users\/1"}],"replies":[{"embeddable":true,"href":"https:\/\/recobrimentstrilla.com\/index.php\/wp-json\/wp\/v2\/comments?post=360"}],"version-history":[{"count":8,"href":"https:\/\/recobrimentstrilla.com\/index.php\/wp-json\/wp\/v2\/pages\/360\/revisions"}],"predecessor-version":[{"id":452,"href":"https:\/\/recobrimentstrilla.com\/index.php\/wp-json\/wp\/v2\/pages\/360\/revisions\/452"}],"wp:attachment":[{"href":"https:\/\/recobrimentstrilla.com\/index.php\/wp-json\/wp\/v2\/media?parent=360"}],"curies":[{"name":"wp","href":"https:\/\/api.w.org\/{rel}","templated":true}]}}