{"id":469,"date":"2019-04-12T11:58:08","date_gmt":"2019-04-12T09:58:08","guid":{"rendered":"https:\/\/recobrimentstrilla.com\/?page_id=469"},"modified":"2019-04-12T15:52:38","modified_gmt":"2019-04-12T13:52:38","slug":"quien-somos","status":"publish","type":"page","link":"https:\/\/recobrimentstrilla.com\/index.php\/es\/quien-somos\/","title":{"rendered":"QUIEN SOMOS"},"content":{"rendered":"\r\n<h1>Recobriments Trilla &#8211; Aplicaci\u00f3n de pintura industrial<\/h1>\r\n\r\n\r\n\r\n<div class=\"wp-block-columns has-2-columns\">\r\n<div class=\"wp-block-column\">\r\n<p><strong>Recobriments Trilla<\/strong>\u00a0es una empresa especializada en la aplicaci\u00f3n de todo tipo de sistemas de pintura industrial. Naci\u00f3 en 2011 como una peque\u00f1a empresa familiar, formada por pintores experimentados provenientes de otras empresas del sector. Actualmente disponemos de una plantilla altamente cualificada que nos ha permitido crecer y progresar utilizando la mejor maquinaria y pintura del mercado, ofreciendo as\u00ed una gran calidad y profesionalidad en nuestros servicios.<\/p>\r\n<p>Contamos con unas instalaciones que superan los 550 m2, donde disponemos de puente gr\u00faa de 2T, apiladores el\u00e9ctricos y transpaletas para garantizar una carga \/ descarga r\u00e1pida y segura del material y polipasto a las cabinas para conseguir unos resultados \u00f3ptimos en el momento del recubrimiento.<\/p>\r\n<p>Trabajamos para diferentes sectores (industrial, automoci\u00f3n, luminaria, construcci\u00f3n, competici\u00f3n, restauraci\u00f3n, &#8230;) con clientes nacionales e internacionales y ofrecemos un servicio r\u00e1pido y de calidad, adapt\u00e1ndonos a las exigencias del mercado.<\/p>\r\n<p>Utilizamos productos de primeras marcas y ofrecemos certificados de calidad para aseguraros una mayor tranquilidad en los trabajos efectuados.<\/p>\r\n<p>Por todo esto Recobriments Trilla se ha ganado un lugar en el mercado de la pintura industrial.<\/p>\r\n<\/div>\r\n\r\n\r\n\r\n<div class=\"wp-block-column\">\r\n<figure class=\"wp-block-image is-resized\"><img loading=\"lazy\" class=\"wp-image-316\" src=\"https:\/\/recobrimentstrilla.com\/wp-content\/uploads\/2019\/04\/serveis_color.jpg\" alt=\"\" width=\"436\" height=\"127\" srcset=\"https:\/\/recobrimentstrilla.com\/wp-content\/uploads\/2019\/04\/serveis_color.jpg 521w, https:\/\/recobrimentstrilla.com\/wp-content\/uploads\/2019\/04\/serveis_color-300x88.jpg 300w\" sizes=\"(max-width: 436px) 100vw, 436px\" \/><\/figure>\r\n\r\n\r\n\r\n<figure class=\"wp-block-image is-resized\"><img loading=\"lazy\" class=\"wp-image-318\" src=\"https:\/\/recobrimentstrilla.com\/wp-content\/uploads\/2019\/04\/oneste_color.jpg\" alt=\"\" width=\"437\" height=\"127\" srcset=\"https:\/\/recobrimentstrilla.com\/wp-content\/uploads\/2019\/04\/oneste_color.jpg 521w, https:\/\/recobrimentstrilla.com\/wp-content\/uploads\/2019\/04\/oneste_color-300x88.jpg 300w\" sizes=\"(max-width: 437px) 100vw, 437px\" \/><\/figure>\r\n\r\n\r\n\r\n<figure class=\"wp-block-image is-resized\"><img loading=\"lazy\" class=\"wp-image-327\" src=\"https:\/\/recobrimentstrilla.com\/wp-content\/uploads\/2019\/04\/recubrimientos-pintura-contacto-cat2-1.jpg\" alt=\"\" width=\"437\" height=\"127\" srcset=\"https:\/\/recobrimentstrilla.com\/wp-content\/uploads\/2019\/04\/recubrimientos-pintura-contacto-cat2-1.jpg 521w, https:\/\/recobrimentstrilla.com\/wp-content\/uploads\/2019\/04\/recubrimientos-pintura-contacto-cat2-1-300x88.jpg 300w\" sizes=\"(max-width: 437px) 100vw, 437px\" \/><\/figure>\r\n<\/div>\r\n<\/div>\r\n","protected":false},"excerpt":{"rendered":"<p>Recobriments Trilla &#8211; Aplicaci\u00f3n de pintura industrial Recobriments Trilla\u00a0es una empresa especializada en la aplicaci\u00f3n de todo tipo de sistemas de pintura industrial. Naci\u00f3 en 2011 como una peque\u00f1a empresa familiar, formada por pintores experimentados provenientes de otras empresas del<\/p>\n","protected":false},"author":1,"featured_media":0,"parent":0,"menu_order":7,"comment_status":"closed","ping_status":"closed","template":"","meta":[],"_links":{"self":[{"href":"https:\/\/recobrimentstrilla.com\/index.php\/wp-json\/wp\/v2\/pages\/469"}],"collection":[{"href":"https:\/\/recobrimentstrilla.com\/index.php\/wp-json\/wp\/v2\/pages"}],"about":[{"href":"https:\/\/recobrimentstrilla.com\/index.php\/wp-json\/wp\/v2\/types\/page"}],"author":[{"embeddable":true,"href":"https:\/\/recobrimentstrilla.com\/index.php\/wp-json\/wp\/v2\/users\/1"}],"replies":[{"embeddable":true,"href":"https:\/\/recobrimentstrilla.com\/index.php\/wp-json\/wp\/v2\/comments?post=469"}],"version-history":[{"count":4,"href":"https:\/\/recobrimentstrilla.com\/index.php\/wp-json\/wp\/v2\/pages\/469\/revisions"}],"predecessor-version":[{"id":533,"href":"https:\/\/recobrimentstrilla.com\/index.php\/wp-json\/wp\/v2\/pages\/469\/revisions\/533"}],"wp:attachment":[{"href":"https:\/\/recobrimentstrilla.com\/index.php\/wp-json\/wp\/v2\/media?parent=469"}],"curies":[{"name":"wp","href":"https:\/\/api.w.org\/{rel}","templated":true}]}}