{"id":471,"date":"2019-04-12T11:59:05","date_gmt":"2019-04-12T09:59:05","guid":{"rendered":"https:\/\/recobrimentstrilla.com\/?page_id=471"},"modified":"2019-04-12T15:57:12","modified_gmt":"2019-04-12T13:57:12","slug":"servicios","status":"publish","type":"page","link":"https:\/\/recobrimentstrilla.com\/index.php\/es\/servicios\/","title":{"rendered":"SERVICIOS"},"content":{"rendered":"\r\n<div class=\"wp-block-columns has-2-columns\">\r\n<div class=\"wp-block-column\">\r\n<h4>Pintura L\u00edquida<\/h4>\r\n\r\n\r\n\r\n<p>&nbsp;<\/p>\r\n\r\n\r\n\r\n<ul class=\"wp-block-gallery columns-1 is-cropped\">\r\n<li class=\"blocks-gallery-item\">\r\n<figure><img loading=\"lazy\" width=\"440\" height=\"130\" class=\"wp-image-365\" src=\"https:\/\/recobrimentstrilla.com\/wp-content\/uploads\/2019\/04\/serveis_1_color-2.jpg\" alt=\"\" data-id=\"365\" data-link=\"https:\/\/recobrimentstrilla.com\/?attachment_id=365\" srcset=\"https:\/\/recobrimentstrilla.com\/wp-content\/uploads\/2019\/04\/serveis_1_color-2.jpg 440w, https:\/\/recobrimentstrilla.com\/wp-content\/uploads\/2019\/04\/serveis_1_color-2-300x89.jpg 300w\" sizes=\"(max-width: 440px) 100vw, 440px\" \/><\/figure>\r\n<\/li>\r\n<\/ul>\r\n\r\n\r\n\r\n<p>Disponemos de la maquinaria y los conocimientos necesarios para obtener un acabado perfecto. Nuestro compromiso es ofrecer siempre la m\u00e1xima calidad, para garantizar que el cliente quede satisfecho con nuestros servicios.<\/p>\r\n<p>Tenemos una serie de muestrarios para que el cliente pueda decidir cu\u00e1l es el mejor acabado para su material, ya sea con pintura sint\u00e9tica, poliuretano y acr\u00edlicos.<\/p>\r\n<p>Trabajamos con todo tipo de superficies y materiales (hierro, acero, aluminio, cobre, lat\u00f3n, pl\u00e1sticos, maderas, &#8230;). Aplicamos base de imprimaci\u00f3n para evitar la oxidaci\u00f3n y el futuro deterioro del material. Disponemos de horno de secado de la pintura y de gran espacio para el secado al aire.<\/p>\r\n<p>Estamos adaptados a los tiempos que corren, y ofrecemos el lacado a precios econ\u00f3micos y en el menor tiempo posible.<\/p>\r\n<\/div>\r\n\r\n\r\n\r\n<div class=\"wp-block-column\">\r\n<h4>Pintura en Polvo<\/h4>\r\n\r\n\r\n\r\n<p>&nbsp;<\/p>\r\n\r\n\r\n\r\n<figure class=\"wp-block-image\"><img loading=\"lazy\" class=\"wp-image-364\" src=\"https:\/\/recobrimentstrilla.com\/wp-content\/uploads\/2019\/04\/serveis_2_color.jpg\" alt=\"\" width=\"954\" height=\"282\" srcset=\"https:\/\/recobrimentstrilla.com\/wp-content\/uploads\/2019\/04\/serveis_2_color.jpg 440w, https:\/\/recobrimentstrilla.com\/wp-content\/uploads\/2019\/04\/serveis_2_color-300x89.jpg 300w\" sizes=\"(max-width: 954px) 100vw, 954px\" \/><\/figure>\r\n<p>&nbsp;<\/p>\r\n\r\n\r\n\r\n<p>Ofrecemos un gran servicio de pintura en polvo, con acabados perfectos tanto en piezas peque\u00f1as como en piezas de gran tama\u00f1o.<\/p>\r\n<p>Proporcionamos una alta flexibilidad para adaptarnos a la forma m\u00e1s competente en trabajos de peque\u00f1as y grandes cantidades. Los resultados son verificados uno a uno para comprobar el resultado \u00f3ptimo de las piezas.<\/p>\r\n<\/div>\r\n<\/div>\r\n\r\n\r\n\r\n<div class=\"wp-block-columns has-2-columns\">\r\n<div class=\"wp-block-column\">\r\n<h4>Barnizados<\/h4>\r\n\r\n\r\n\r\n<p>&nbsp;<\/p>\r\n\r\n\r\n\r\n<ul class=\"wp-block-gallery columns-1 is-cropped\">\r\n<li class=\"blocks-gallery-item\">\r\n<figure><img loading=\"lazy\" width=\"440\" height=\"130\" class=\"wp-image-368\" src=\"https:\/\/recobrimentstrilla.com\/wp-content\/uploads\/2019\/04\/serveis_3_color-2.jpg\" alt=\"\" data-id=\"368\" data-link=\"https:\/\/recobrimentstrilla.com\/?attachment_id=368\" srcset=\"https:\/\/recobrimentstrilla.com\/wp-content\/uploads\/2019\/04\/serveis_3_color-2.jpg 440w, https:\/\/recobrimentstrilla.com\/wp-content\/uploads\/2019\/04\/serveis_3_color-2-300x89.jpg 300w\" sizes=\"(max-width: 440px) 100vw, 440px\" \/><\/figure>\r\n<\/li>\r\n<\/ul>\r\n\r\n\r\n\r\n<p>Estamos especializados en barnizados de piezas muy delicadas, como el lat\u00f3n, el cobre o piezas ba\u00f1adas.<\/p>\r\n<p>En Recobriments Trilla estamos orgullosos de poder ofrecer las mejores pinturas industriales que hay en el mercado y ofrecemos una gran variedad de acabados y la utilizaci\u00f3n de los productos que mejor se adaptan a las peticiones de los clientes.<\/p>\r\n<\/div>\r\n\r\n\r\n\r\n<div class=\"wp-block-column\">\r\n<h4>Acabados<\/h4>\r\n\r\n\r\n\r\n<p>&nbsp;<\/p>\r\n\r\n\r\n\r\n<ul class=\"wp-block-gallery columns-1 is-cropped\">\r\n<li class=\"blocks-gallery-item\">\r\n<figure><img loading=\"lazy\" width=\"440\" height=\"130\" class=\"wp-image-369\" src=\"https:\/\/recobrimentstrilla.com\/wp-content\/uploads\/2019\/04\/serveis_4_color.jpg\" alt=\"\" data-id=\"369\" data-link=\"https:\/\/recobrimentstrilla.com\/?attachment_id=369\" srcset=\"https:\/\/recobrimentstrilla.com\/wp-content\/uploads\/2019\/04\/serveis_4_color.jpg 440w, https:\/\/recobrimentstrilla.com\/wp-content\/uploads\/2019\/04\/serveis_4_color-300x89.jpg 300w\" sizes=\"(max-width: 440px) 100vw, 440px\" \/><\/figure>\r\n<\/li>\r\n<\/ul>\r\n\r\n\r\n\r\n<p>Pintados en l\u00edquido sobre colores de carta RAL, Pantones, NCS, oxiron y marteles, y tambi\u00e9n sobre muestras de color.<\/p>\r\n<p>Pintados en polvo sobre colores de carta RAL y colores especiales dependiendo de proveedores.<\/p>\r\n<p>Hacemos acabados texturados, brillantes, satinados, mates, gofrados, metalizados, anti-cal\u00f3ricos y barnizados.<\/p>\r\n<\/div>\r\n<\/div>\r\n","protected":false},"excerpt":{"rendered":"<p>Pintura L\u00edquida &nbsp; Disponemos de la maquinaria y los conocimientos necesarios para obtener un acabado perfecto. Nuestro compromiso es ofrecer siempre la m\u00e1xima calidad, para garantizar que el cliente quede satisfecho con nuestros servicios. Tenemos una serie de muestrarios para<\/p>\n","protected":false},"author":1,"featured_media":0,"parent":0,"menu_order":10,"comment_status":"closed","ping_status":"closed","template":"","meta":[],"_links":{"self":[{"href":"https:\/\/recobrimentstrilla.com\/index.php\/wp-json\/wp\/v2\/pages\/471"}],"collection":[{"href":"https:\/\/recobrimentstrilla.com\/index.php\/wp-json\/wp\/v2\/pages"}],"about":[{"href":"https:\/\/recobrimentstrilla.com\/index.php\/wp-json\/wp\/v2\/types\/page"}],"author":[{"embeddable":true,"href":"https:\/\/recobrimentstrilla.com\/index.php\/wp-json\/wp\/v2\/users\/1"}],"replies":[{"embeddable":true,"href":"https:\/\/recobrimentstrilla.com\/index.php\/wp-json\/wp\/v2\/comments?post=471"}],"version-history":[{"count":8,"href":"https:\/\/recobrimentstrilla.com\/index.php\/wp-json\/wp\/v2\/pages\/471\/revisions"}],"predecessor-version":[{"id":513,"href":"https:\/\/recobrimentstrilla.com\/index.php\/wp-json\/wp\/v2\/pages\/471\/revisions\/513"}],"wp:attachment":[{"href":"https:\/\/recobrimentstrilla.com\/index.php\/wp-json\/wp\/v2\/media?parent=471"}],"curies":[{"name":"wp","href":"https:\/\/api.w.org\/{rel}","templated":true}]}}