{"id":481,"date":"2019-04-12T15:12:24","date_gmt":"2019-04-12T13:12:24","guid":{"rendered":"https:\/\/recobrimentstrilla.com\/?page_id=481"},"modified":"2019-04-12T15:12:24","modified_gmt":"2019-04-12T13:12:24","slug":"nota-legal-2","status":"publish","type":"page","link":"https:\/\/recobrimentstrilla.com\/index.php\/es\/nota-legal-2\/","title":{"rendered":"Nota Legal"},"content":{"rendered":"<div class=\"item-title\">\n<h1>Nota legal<\/h1>\n<\/div>\n<div class=\"articleContent clear\">\n<p><strong>Pol\u00edtica de Protecci\u00f3n de Datos<\/strong><br \/>\nEn cumplimiento de lo establecido en la Ley 34\/2002, de Servicios de la Sociedad de la Informaci\u00f3n y el Comercio Electr\u00f3nico, en la Ley Org\u00e1nica 15\/1999, de 13 de diciembre, de Protecci\u00f3n de Datos de Car\u00e1cter Personal y sus reglamentos de desarrollo, el RESPONSABLE LEGAL DE LA WEB le informa que los datos de car\u00e1cter personal proporcionados a trav\u00e9s de los formularios de registro, quedar\u00e1n incorporados a un fichero para su tratamiento automatizado, con la finalidad de prestar y ofrecer nuestros productos, servicios y promociones, concedi\u00e9ndose por tanto el consentimiento expreso para la recepci\u00f3n de comunicaciones comerciales por v\u00eda electr\u00f3nica en los estrictos t\u00e9rminos que se recogen en las presentes condiciones legales.<\/p>\n<p>Los datos recogidos son almacenados bajo la confidencialidad y medidas de seguridad legalmente establecidas, no siendo cedidos ni compartidos con empresas ni entidades ajenas al responsable legal de la web\u00a0<a href=\"http:\/\/www.recobrimentstrilla.com\/\">www.recobrimentstrilla.com<\/a><\/p>\n<p>Igualmente deseamos informarle que podr\u00e1 ejercer los derechos de acceso, cancelaci\u00f3n, rectificaci\u00f3n u oposici\u00f3n a trav\u00e9s de los siguientes medios:<\/p>\n<p>&#8211; E-mail:\u00a0<a href=\"mailto:info@recobrimentstrilla.com\">info@recobrimentstrilla.com<\/a><br \/>\n&#8211; Comunicaci\u00f3n escrita al responsable legal del fichero\u00a0<strong>Sr. Jordi Trilla<\/strong>:\u00a0<strong>C\/ Obradors 6-10, Pol\u00edgon Santiga. Nau 10 (08130 &#8211; Santa Perp\u00e8tua de Mogoda, Barcelona)<\/strong><\/p>\n<p><strong>Nota legal<\/strong><br \/>\nEn cumplimiento de lo establecido en la Ley 34\/2002 de 11 de Julio, de Servicios de la Sociedad de La Informaci\u00f3n y el Comercio Electr\u00f3nico (LSSI) y legislaci\u00f3n sectorial concordante, se informa de los siguientes aspectos legales:<\/p>\n<p>Responsable legal de la web:\u00a0<strong>Sr. Jordi Trilla<\/strong><br \/>\nDomicilio de Contacto:\u00a0<strong>C\/ Obradors 6-10, Nau 10 (08130 &#8211; Santa Perp\u00e8tua de Mogoda, Barcelona)<\/strong><br \/>\nE-mail de Contacto:\u00a0<a href=\"mailto:info@recobrimentstrilla.com\">info@recobrimentstrilla.com<\/a><br \/>\nTlf. de Contacto:\u00a0<strong>93 729 69 95<\/strong><br \/>\nDatos Fiscales: C.I.F.\u00a0<strong>B-66898883<\/strong><\/p>\n<p>&nbsp;<\/p>\n<ol>\n<li><a name=\"cookies\"><\/a>Esta web utiliza cookies que se quedar\u00e1n almacenadas en el ordenador. Las cookies son peque\u00f1os archivos que nuestro ordenador env\u00eda al suyo, pero que no nos proporcionan informaci\u00f3n ni sobre su nombre, ni sobre cualquier dato de car\u00e1cter personal suyo. Las cookies que utilizamos no pueden leer datos de su ordenador ni leer las cookies que existan en su ordenador. Cuando el usuario se encuentre navegando por \u00e9sta p\u00e1gina web de el servidor donde se encuentra alojada reconoce autom\u00e1ticamente la direcci\u00f3n IP de su ordenador, el d\u00eda y la hora en la que comienza la visita, en la que abandona la visita, as\u00ed como informaci\u00f3n sobre las distintas secciones consultadas. Es necesario que el servidor conozca estos datos para poder comunicarse y enviarle la petici\u00f3n realizada y que a trav\u00e9s del navegador se pueda ver en la pantalla. Si usted lo desea puede configurar su navegador de manera que le avise en la pantalla si va a recibir una cookie. El usuario puede configurar su ordenador de manera que no reciba estas cookies, este hecho no impedir\u00e1 que se pueda acceder a la informaci\u00f3n del sitio web.<\/li>\n<li>Nos reservamos el derecho de modificar, sin previo aviso, la informaci\u00f3n contenida en nuestra sitio web, as\u00ed como su configuraci\u00f3n y presentaci\u00f3n.<\/li>\n<li>Nos comprometemos a trav\u00e9s de este medio a no realizar publicidad enga\u00f1osa. A estos efectos, por lo tanto, no ser\u00e1n considerados como publicidad enga\u00f1osa los errores formales o num\u00e9ricos que puedan encontrarse a lo largo del contenido de las distintas secciones de la web, producidos como consecuencia de un mantenimiento y\/o actualizaci\u00f3n incompleta o defectuosa de la informaci\u00f3n contenida es estas secciones. Como consecuencia de lo dispuesto en este apartado, nos comprometemos a corregirlo tan pronto como tengamos conocimiento de dichos errores.<\/li>\n<li>Nos comprometemos a no remitir comunicaciones comerciales sin identificarlas como tales, conforme a lo dispuesto en la Ley 34\/2002 de Servicios de la Sociedad de la Informaci\u00f3n y de comercio electr\u00f3nico. A estos efectos no ser\u00e1 considerado como comunicaci\u00f3n comercial toda la informaci\u00f3n que se env\u00ede a nuestros clientes siempre que tenga por finalidad el mantenimiento de la relaci\u00f3n contractual existente entre cliente y empresa, as\u00ed como el desempe\u00f1o de las tareas de informaci\u00f3n, formaci\u00f3n y otras actividades propias del servicio que el cliente tiene contratado con la empresa.<\/li>\n<li>No nos hacemos responsables del incumplimiento de cualquier norma aplicable en que pueda incurrir el usuario en su acceso al sitio web y\/o en el uso de las informaciones contenidas en el mismo.<\/li>\n<li>No seremos responsables de los da\u00f1os y perjuicios producidos o que puedan producirse, cualquiera que sea su naturaleza, que se deriven del uso de la informaci\u00f3n, de las materias contenidas en este web site y de los programas que incorpora. Los enlaces (Links) e hipertexto que posibiliten, a trav\u00e9s del sitio web, acceder al usuario a prestaciones y servicios ofrecidos por terceros, no pertenecen ni se encuentran bajo nuestro control; dicha entidad no se hace responsable ni de la informaci\u00f3n contenida en los mismos ni de cualesquiera efectos que pudieran derivarse de dicha informaci\u00f3n.<\/li>\n<li>No somos responsables del uso ileg\u00edtimo que terceras personas puedan hacer de los nombres de marca, nombres de producto, marcas comerciales que, no siendo propiedad de dicha entidad, aparezcan en la p\u00e1gina web. Tampoco se responsabiliza de la integridad, veracidad y licitud del contenido de los enlaces a las webs a las que pueda accederse desde la nuestra.<\/li>\n<li>No nos responsabilizamos de los virus que tengan su origen en una transmisi\u00f3n telem\u00e1tica infiltrados por terceras partes (por ejemplo, los macros de procesadores de texto, los applets de Java y los programas Active X), generados con la finalidad de obtener resultados negativos para un sistema inform\u00e1tico.<\/li>\n<li>En definitiva, el Usuario es el \u00fanico responsable del uso que realice de los servicios, contenidos, enlaces (links) e hipertexto incluidos en el sitio web.<\/li>\n<\/ol>\n<p>&nbsp;<\/p>\n<\/div>\n","protected":false},"excerpt":{"rendered":"<p>Nota legal Pol\u00edtica de Protecci\u00f3n de Datos En cumplimiento de lo establecido en la Ley 34\/2002, de Servicios de la Sociedad de la Informaci\u00f3n y el Comercio Electr\u00f3nico, en la Ley Org\u00e1nica 15\/1999, de 13 de diciembre, de Protecci\u00f3n de<\/p>\n","protected":false},"author":1,"featured_media":0,"parent":0,"menu_order":14,"comment_status":"closed","ping_status":"closed","template":"","meta":[],"_links":{"self":[{"href":"https:\/\/recobrimentstrilla.com\/index.php\/wp-json\/wp\/v2\/pages\/481"}],"collection":[{"href":"https:\/\/recobrimentstrilla.com\/index.php\/wp-json\/wp\/v2\/pages"}],"about":[{"href":"https:\/\/recobrimentstrilla.com\/index.php\/wp-json\/wp\/v2\/types\/page"}],"author":[{"embeddable":true,"href":"https:\/\/recobrimentstrilla.com\/index.php\/wp-json\/wp\/v2\/users\/1"}],"replies":[{"embeddable":true,"href":"https:\/\/recobrimentstrilla.com\/index.php\/wp-json\/wp\/v2\/comments?post=481"}],"version-history":[{"count":1,"href":"https:\/\/recobrimentstrilla.com\/index.php\/wp-json\/wp\/v2\/pages\/481\/revisions"}],"predecessor-version":[{"id":482,"href":"https:\/\/recobrimentstrilla.com\/index.php\/wp-json\/wp\/v2\/pages\/481\/revisions\/482"}],"wp:attachment":[{"href":"https:\/\/recobrimentstrilla.com\/index.php\/wp-json\/wp\/v2\/media?parent=481"}],"curies":[{"name":"wp","href":"https:\/\/api.w.org\/{rel}","templated":true}]}}