{"id":531,"date":"2022-01-27T14:02:25","date_gmt":"2022-01-27T13:02:25","guid":{"rendered":"https:\/\/recobrimentstrilla.com\/?page_id=531"},"modified":"2022-03-04T13:15:41","modified_gmt":"2022-03-04T12:15:41","slug":"aviso-legal-2","status":"publish","type":"page","link":"https:\/\/recobrimentstrilla.com\/index.php\/es\/aviso-legal-2\/","title":{"rendered":"AVISO LEGAL"},"content":{"rendered":"<p style=\"text-align: center;\"><strong><u>AVISO LEGAL<\/u><\/strong><\/p>\n<p>El prop\u00f3sito de este Aviso Legal, es informar a los usuarios de <u>www.recobrimentstrilla.com<\/u>, domiciliada en, C\/Obradors, 6-10 Nave 10 (Pol.Industrial Santiga)\u00a0 cuya raz\u00f3n social del Responsable del tratamiento es RECOBRIMENTS TRILLA,SL , de cu\u00e1l es su <strong>pol\u00edtica de protecci\u00f3n de la privacidad y confidencialidad de los datos de car\u00e1cter personal<\/strong> seg\u00fan el Reglamento General de Protecci\u00f3n de Datos (RGPD) que sus usuarios facilitan de forma libre y voluntaria.<\/p>\n<p>RECOBRIMENTS TRILLA,SL\u00a0 pone en su conocimiento que dispone de sus datos de car\u00e1cter personal especificados en el correspondiente registro de actividades del tratamiento de la empresa denominado Gesti\u00f3n de Usuarios Web.<\/p>\n<p>La base legal para el tratamiento de sus datos es el consentimiento obtenido del propio titular del tratamiento en el momento de cumplimentar nuestro formulario on-line y aceptar de forma expresa el mismo.<\/p>\n<p>La finalidad de la creaci\u00f3n, existencia y mantenimiento es el tratamiento de los datos con los exclusivos fines de de poder hacer efectiva la solicitud de informaci\u00f3n.<\/p>\n<p>Los destinatarios de la informaci\u00f3n son todos los departamentos, compartimentos, locales y entes asociados en los que se organiza RECOBRIMENTS TRILLA,SL\u00a0 y no ser\u00e1n cedidos a ning\u00fan tercero salvo en los casos que exista una obligaci\u00f3n legal.<\/p>\n<p>En todo caso, usted tiene derecho a obtener confirmaci\u00f3n sobre si en RECOBRIMENTS TRILLA,SL \u00a0estamos tratando sus datos personales por tanto tiene derecho a acceder a sus datos personales, rectificar los datos inexactos o solicitar su supresi\u00f3n cuando los datos ya no sean necesarios.<\/p>\n<p>Todos los campos del formulario on-line marcados con un asterisco son de obligada cumplimentaci\u00f3n para poder hacer efectiva su solicitud de informaci\u00f3n.<\/p>\n<p>La Web <u>www.recobrimentstrilla.com<\/u> ha adoptado las medidas de \u00edndole t\u00e9cnica y organizativas necesarias, seg\u00fan el nivel de seguridad de protecci\u00f3n de datos que le corresponde legalmente, para garantizar la seguridad del tratamiento de datos de car\u00e1cter personal que constituyen su fichero automatizado. Sin embargo, el usuario debe ser consciente de que en la actualidad las medidas de seguridad en Internet no son inexpugnables y por lo tanto no se est\u00e1 a salvo de posibles intromisiones ilegales e indebidas, que no ser\u00edan responsabilidad de RECOBRIMENTS TRILLA,SL , ya que ella ha actuado con la diligencia debida para proteger los datos conforme determina la ley.<\/p>\n<p>La Web <u>www.recobrimentstrilla.com<\/u> utiliza cookies u otros procedimientos similares con finalidades meramente estad\u00edsticas. Estas informaciones se captan de forma autom\u00e1tica y an\u00f3nima, de modo que no es posible identificar individualmente a ning\u00fan usuario. Los usuarios pueden impedir el funcionamiento de las cookies mediante las opciones que todos los navegadores ponen a su disposici\u00f3n. Se recomienda a los usuarios que desean desactivar las cookies que consulten los sistemas de ayuda de los navegadores que utilicen<\/p>\n<p>La Web <u>www.recobrimentstrilla.com<\/u> har\u00e1 todo lo posible porque sus datos est\u00e9n siempre actualizados. No obstante, la responsabilidad acerca de la calidad de los datos depende del titular de ellos, de ah\u00ed que si existe alguna modificaci\u00f3n de los datos el usuario de la web los comunicar\u00e1 al Responsable del Fichero, declinando esta toda responsabilidad en caso de que omita su obligaci\u00f3n de notificar los cambios.<\/p>\n<p>La prestaci\u00f3n del servicio de esta Web y las presentes condiciones de Uso del Sitio Web se rigen por la Ley Espa\u00f1ola. Para cualquier discrepancia en la ejecuci\u00f3n, interpretaci\u00f3n, cumplimiento de estas condiciones, las partes se someten a los Juzgados y Tribunales competentes.<\/p>\n<p>&nbsp;<\/p>\n<p style=\"text-align: center;\" align=\"center\"><strong><span style=\"font-family: Century Gothic, serif;\"><span style=\"font-size: medium;\"><u>Pol\u00edtica de Privacidad (RGPD)<\/u><\/span><\/span><\/strong><\/p>\n<p align=\"justify\"><span style=\"font-family: Liberation Serif, serif;\"><span style=\"font-size: medium;\"><u>RESPONSABLE DEL TRATAMIENTO<\/u><\/span><\/span><\/p>\n<p align=\"justify\"><span style=\"font-family: Liberation Serif, serif;\"><span style=\"font-size: medium;\">RECOBRIMENTS TRILLA,SL B66898883, con domicilio en C\/Obradors, 6-10 Nave 10 (Pol.Industrial Santiga), 08130, Santa Perpetua de Mogoda Telefono 937296995 y mail <span style=\"color: #0070c0;\"><u>recobrimentstrilla@gmail.com<\/u><\/span> <\/span><\/span><\/p>\n<p align=\"left\"><span style=\"font-family: Liberation Serif, serif;\"><span style=\"font-size: medium;\"><u>FINALIDAD<\/u><\/span><\/span><\/p>\n<p><span style=\"font-family: Liberation Serif, serif;\"><span style=\"font-size: medium;\">La finalidad de la creaci\u00f3n, existencia y mantenimiento es el tratamiento de los datos con los exclusivos fines de de poder hacer efectivo nuestro servicio y realizar la facturaci\u00f3n del mismo.<\/span><\/span><\/p>\n<p align=\"left\"><span style=\"font-family: Liberation Serif, serif;\"><span style=\"font-size: medium;\"><u>LEGITIMACI\u00d3N<\/u><\/span><\/span><\/p>\n<p align=\"justify\"><span style=\"font-family: Liberation Serif, serif;\"><span style=\"font-size: medium;\">La base legal para el tratamiento de sus datos es la ejecuci\u00f3n de la prestaci\u00f3n del servicio entre el titular del dato y el responsable del tratamiento y dicha informaci\u00f3n personal se conservar\u00e1 mientras se mantenga la prestaci\u00f3n del mismoo durante el tiempo estrictamente necesario para cumplir con las obligaciones legales.<\/span><\/span><\/p>\n<p align=\"left\"><span style=\"font-family: Liberation Serif, serif;\"><span style=\"font-size: medium;\"><u>PERIODO DE CONSERVACI\u00d3N<\/u><\/span><\/span><\/p>\n<p align=\"justify\"><span style=\"font-family: Liberation Serif, serif;\"><span style=\"font-size: medium;\">Los datos proporcionados se conservar\u00e1n mientras se mantenga la prestaci\u00f3n del servicio o durante los a\u00f1os necesarios para cumplir con las obligaciones legales<\/span><\/span><\/p>\n<p align=\"left\"><span style=\"font-family: Liberation Serif, serif;\"><span style=\"font-size: medium;\"><u>DESTINATARIOS<\/u><\/span><\/span><\/p>\n<p align=\"justify\"><span style=\"font-family: Liberation Serif, serif;\"><span style=\"font-size: medium;\">Mientras dure el tratamiento de los datos del interesado, RECOBRIMENTS TRILLA,SL no ceder\u00e1 los datos a terceros, salvo que medie obligaci\u00f3n legal.<\/span><\/span><\/p>\n<p align=\"justify\"><span style=\"font-family: Liberation Serif, serif;\"><span style=\"font-size: medium;\">En los supuestos que, para la realizaci\u00f3n de tratamientos de tipo administrativo, fiscal, contable y\/o comercial, se cuente con los servicios de terceros, se formalizar\u00e1 debidamente el preceptivo contrato de encargado de tratamiento, con la finalidad de garantizar la seguridad y confidencialidad de los datos del interesado frente a terceros.<\/span><\/span><\/p>\n<p align=\"left\"><span style=\"font-family: Liberation Serif, serif;\"><span style=\"font-size: medium;\"><u>DERECHOS<\/u><\/span><\/span><\/p>\n<p align=\"justify\"><span style=\"font-family: Liberation Serif, serif;\"><span style=\"font-size: medium;\"><span style=\"color: #161616;\">Las personas interesadas tienen derecho a\u00a0acceder\u00a0a sus datos de car\u00e1cter personal, as\u00ed como a solicitar la\u00a0rectificaci\u00f3n\u00a0de datos inexactos o, en su caso, solicitar la\u00a0supresi\u00f3n\u00a0cuando, entre otros motivos, los datos ya no sean necesarios para la finalidad que fueron entregados as\u00ed como\u00a0retirar el consentimiento otorgado. Tambi\u00e9n puede ejercer su derecho a la\u00a0limitaci\u00f3n del tratamiento, de forma que sus datos no ser\u00e1n suprimidos pero el tratamiento de los mismos estar\u00e1 sujeto a limitaciones.<\/span><\/span><\/span><\/p>\n<p align=\"justify\"><span style=\"color: #161616;\"><span style=\"font-family: Liberation Serif, serif;\"><span style=\"font-size: medium;\">Los ejercicios de portabilidad y automatizaci\u00f3n de decisiones no aplican en este caso por la tipolog\u00eda de datos y tratamiento de los mismos.<\/span><\/span><\/span><\/p>\n<p>&nbsp;<\/p>\n<p>&nbsp;<\/p>\n","protected":false},"excerpt":{"rendered":"<p>AVISO LEGAL El prop\u00f3sito de este Aviso Legal, es informar a los usuarios de www.recobrimentstrilla.com, domiciliada en, C\/Obradors, 6-10 Nave 10 (Pol.Industrial Santiga)\u00a0 cuya raz\u00f3n social del Responsable del tratamiento es RECOBRIMENTS TRILLA,SL , de cu\u00e1l es su pol\u00edtica de<\/p>\n","protected":false},"author":1,"featured_media":0,"parent":0,"menu_order":0,"comment_status":"closed","ping_status":"closed","template":"","meta":[],"_links":{"self":[{"href":"https:\/\/recobrimentstrilla.com\/index.php\/wp-json\/wp\/v2\/pages\/531"}],"collection":[{"href":"https:\/\/recobrimentstrilla.com\/index.php\/wp-json\/wp\/v2\/pages"}],"about":[{"href":"https:\/\/recobrimentstrilla.com\/index.php\/wp-json\/wp\/v2\/types\/page"}],"author":[{"embeddable":true,"href":"https:\/\/recobrimentstrilla.com\/index.php\/wp-json\/wp\/v2\/users\/1"}],"replies":[{"embeddable":true,"href":"https:\/\/recobrimentstrilla.com\/index.php\/wp-json\/wp\/v2\/comments?post=531"}],"version-history":[{"count":4,"href":"https:\/\/recobrimentstrilla.com\/index.php\/wp-json\/wp\/v2\/pages\/531\/revisions"}],"predecessor-version":[{"id":556,"href":"https:\/\/recobrimentstrilla.com\/index.php\/wp-json\/wp\/v2\/pages\/531\/revisions\/556"}],"wp:attachment":[{"href":"https:\/\/recobrimentstrilla.com\/index.php\/wp-json\/wp\/v2\/media?parent=531"}],"curies":[{"name":"wp","href":"https:\/\/api.w.org\/{rel}","templated":true}]}}